{"id":4,"date":"2014-02-09T19:24:18","date_gmt":"2014-02-09T18:24:18","guid":{"rendered":"http:\/\/angenehmerweise.de\/majusebetter\/?page_id=4"},"modified":"2014-02-09T19:42:38","modified_gmt":"2014-02-09T18:42:38","slug":"start","status":"publish","type":"page","link":"https:\/\/angenehmerweise.de\/majusebetter\/start\/","title":{"rendered":"Start"},"content":{"rendered":"<div id=\"stcpDiv\">In der Datenbank zu dieser Seite finden Sie Vorfahren und Verwandte der Familie Kraff,\u00a0 soweit sie mir bisher bekannt sind. Es handelt sich dabei um die Familie meiner Mutter, die urspr\u00fcnglich aus einer kleinen Ortschaft in der s\u00fcdlichen Eifel im Raum Trier\/Wittlich stammt. Weitere Vorfahrenlinien f\u00fchren in den Hunsr\u00fcck und ins Moseltal bis nach Cochem. Unter den Nebenlinien finden sich zahlreiche Auswanderer, die sich vor allen Dingen nach Nordamerika und Brasilien aufmachten.<\/div>\n<h3>Faszinierende Vielfalt<\/h3>\n<p>F\u00fcr die Region Eifel-Mosel-Hunsr\u00fcck sind eine Menge Familienb\u00fccher (\u00dcbertragungen von Kirchenb\u00fcchern) und Familienstammb\u00e4ume verf\u00fcgbar. Das vereinfacht das Arbeiten und liefert eine Menge Daten. Es lassen sich so &#8211; teilweise \u00fcber Jahrhunderte &#8211; verwandtschaftliche Verflechtungen sichtbar machen. Da wird Geschichte pl\u00f6tzlich greifbar und lebendig. Mich fasziniert dabei, wie sich aus einigen wenigen gemeinsamen Urspr\u00fcngen etliche Tausend sehr unterschiedliche Schicksale und Lebenswege ergeben haben. Nebenbei kommt man, zumindest im Geiste, auch ganz sch\u00f6n in der Weltgeschichte herum, erf\u00e4hrt interessante Dinge \u00fcber alte Berufe, die Orts- und Sozialgeschichte usw.<\/p>\n<h3>Was Sie auf diesen Seiten finden werden<\/h3>\n<p>Ich werde Sie hier auf dem Laufenden halten \u00fcber aktuelle Geschichten, mit denen ich mich gerade im Stammbaum befasse. Das kann auch mal ein kurzer Bericht \u00fcber ein interessantes Fundst\u00fcck sein. Oder \u00fcber eine Quelle, die mir im Internet oder in Form eines Buchs begegnet, und die f\u00fcr andere Familienforscher vielleicht ebenfalls von Belang ist. Dann will ich mir einzelne Personen herauspicken, zu denen bereits mehr Informationen vorliegen. Geschichtliche Hintergr\u00fcnde \u00fcber Ortschaften, Regionen, Berufe, die im konkreten Zusammenhang mit meiner Genealogie stehen. Vielleicht werde ich in Zukunft auch das eine oder andere Interview mit heute lebenden Nachfahren in aller Welt f\u00fchren. Was sie machen. Was sie \u00fcber ihren Familienzweig zu berichten wissen. Da gibt es schon viel spannenden Stoff, damit aus den Namen und Zahlen in der Datenbank am Ende spannende, lebendige Geschichten entstehen.<\/p>\n<p>Au\u00dferdem plane ich, eine Art &#8222;Gewusst-wie&#8220;-Rubrik einzurichten. Ein paar Artikel, die den Umgang mit der Datenbank n\u00e4herbringen. Ich denke, zu Beginn &#8222;verirren&#8220; sich die meisten Besucher auf diese Seite, weil sie bei Google den Namen eines Vorfahrens eingegeben und den Link auf meine Datenbank angezeigt bekommen haben. Dann landen sie hier in aller Regel auf einem Personen- oder Familienblatt. Tja, und was dann?\u00a0 Beim ersten St\u00f6bern wei\u00df man gar nicht, welche M\u00f6glichkeiten dieses Programm bietet. Und davon gibt es einige.<\/p>\n<h3>\u00a0Ihr Typ ist gefragt<\/h3>\n<p>&#8222;Ich wei\u00df, dass ich nichts wei\u00df&#8220;,\u00a0 sagte der olle Philosoph. Geht mir so \u00e4hnlich. Trotz aller vorhandenen Daten freue ich mich sehr dar\u00fcber, wenn Menschen, die einzelne Zweige aus der Verwandtschaft mit mir teilen, sich bei mir melden und Informationen beitragen, die bei mir noch falsch, unvollst\u00e4ndig oder \u00fcberhaupt nicht vorhanden sind. Und ich freue mich selbstredend auch dar\u00fcber, einen weiteren Verwandten pers\u00f6nlich kennenzulernen.\u00a0 Melden Sie sich also bitte bei mir.\u00a0 Das k\u00f6nnen Sie entweder direkt \u00fcber diesen Blog (Kommentarfunktion) tun, oder aber \u00fcber das Kontaktformular. Zudem k\u00f6nnen Sie als Verwandter von mir auch einen Benutzerzugang zur Stammbaum-Datenbank erhalten.<\/p>\n<p>Mit der Registrierung sind einige Vorteile verkn\u00fcpft. Sie k\u00f6nnen sich Daten von lebenden Personen aus Ihrem Zweig anschauen, Fotografien, Geschichten, Grabsteine, Dokumente, GEDCOM-Dateien f\u00fcr die eigenen Unterlagen erzeugen, Daten direkt bearbeiten usw. All das steht den normalen Besuchern nicht offen.<\/p>\n<p>Bis bald hoffentlich<\/p>\n<p>G\u00fcnter B\u00e4cker<\/p>\n<p>&nbsp;<\/p>\n<p>Kontakt: info@angenehmerweise.de<\/p>\n","protected":false},"excerpt":{"rendered":"<p>In der Datenbank zu dieser Seite finden Sie Vorfahren und Verwandte der Familie Kraff,\u00a0 soweit sie mir bisher bekannt sind. Es handelt sich dabei um die Familie meiner Mutter, die urspr\u00fcnglich aus einer kleinen Ortschaft in der s\u00fcdlichen Eifel im Raum Trier\/Wittlich stammt. Weitere Vorfahrenlinien f\u00fchren in den Hunsr\u00fcck und ins Moseltal bis nach Cochem. [&hellip;]<\/p>\n","protected":false},"author":1,"featured_media":0,"parent":0,"menu_order":0,"comment_status":"open","ping_status":"open","template":"","meta":{"_mi_skip_tracking":false},"_links":{"self":[{"href":"https:\/\/angenehmerweise.de\/majusebetter\/wp-json\/wp\/v2\/pages\/4"}],"collection":[{"href":"https:\/\/angenehmerweise.de\/majusebetter\/wp-json\/wp\/v2\/pages"}],"about":[{"href":"https:\/\/angenehmerweise.de\/majusebetter\/wp-json\/wp\/v2\/types\/page"}],"author":[{"embeddable":true,"href":"https:\/\/angenehmerweise.de\/majusebetter\/wp-json\/wp\/v2\/users\/1"}],"replies":[{"embeddable":true,"href":"https:\/\/angenehmerweise.de\/majusebetter\/wp-json\/wp\/v2\/comments?post=4"}],"version-history":[{"count":11,"href":"https:\/\/angenehmerweise.de\/majusebetter\/wp-json\/wp\/v2\/pages\/4\/revisions"}],"predecessor-version":[{"id":90,"href":"https:\/\/angenehmerweise.de\/majusebetter\/wp-json\/wp\/v2\/pages\/4\/revisions\/90"}],"wp:attachment":[{"href":"https:\/\/angenehmerweise.de\/majusebetter\/wp-json\/wp\/v2\/media?parent=4"}],"curies":[{"name":"wp","href":"https:\/\/api.w.org\/{rel}","templated":true}]}}